{"id":16461,"date":"2020-11-21T18:29:44","date_gmt":"2020-11-21T18:29:44","guid":{"rendered":"https:\/\/the7.io\/elementor-main\/?page_id=16461"},"modified":"2022-08-31T17:09:51","modified_gmt":"2022-08-31T15:09:51","slug":"full-screen-slider","status":"publish","type":"page","link":"https:\/\/levezouvet.fr\/index.php\/full-screen-slider\/","title":{"rendered":"Home: full screen slider"},"content":{"rendered":"<p>L\u00e9v\u00e9zouVet&#8217; <br \/>Pour l&#8217;amour des b\u00eates<br \/>\n\t\t\t\t\t\t\t\t\t\t\t\t\t\t\t<img decoding=\"async\" width=\"1024\" height=\"768\" src=\"http:\/\/levezouvet.fr\/wp-content\/uploads\/2022\/07\/IMG20220721122510-1024x768.jpg\" alt=\"\" loading=\"lazy\" srcset=\"https:\/\/levezouvet.fr\/wp-content\/uploads\/2022\/07\/IMG20220721122510-1024x768.jpg 1024w, https:\/\/levezouvet.fr\/wp-content\/uploads\/2022\/07\/IMG20220721122510-300x225.jpg 300w, https:\/\/levezouvet.fr\/wp-content\/uploads\/2022\/07\/IMG20220721122510-768x576.jpg 768w, https:\/\/levezouvet.fr\/wp-content\/uploads\/2022\/07\/IMG20220721122510-1536x1152.jpg 1536w, https:\/\/levezouvet.fr\/wp-content\/uploads\/2022\/07\/IMG20220721122510-2048x1536.jpg 2048w, https:\/\/levezouvet.fr\/wp-content\/uploads\/2022\/07\/IMG20220721122510-600x450.jpg 600w\" sizes=\"auto, (max-width: 1024px) 100vw, 1024px\" \/>\t\t\t\t\t\t\t\t\t\t\t\t\t\t\t<\/p>\n<h1>Bienvenue \u00e0 la clinique v\u00e9t\u00e9rinaire<br \/>L\u00e9v\u00e9zouVet !<\/h1>\n<p>L\u2019ensemble de l\u2019\u00e9quipe est heureuse de vous accueillir afin de prendre soins de vos petits et grands animaux. Notre clinique est situ\u00e9e dans le village de Pont de&nbsp; salars, au c\u0153ur du L\u00e9vezou de ses monts et de ses lacs.<\/p>\n<p>La Qualit\u00e9 des soins, du service et de l\u2019\u00e9coute est au c\u0153ur de notre pratique afin d\u2019accompagner au mieux vos animaux tout au long de leur vie.<\/p>\n<h3><b>Coordonn\u00e9es<\/b><\/h3>\n<p>LevezouVet<br \/>Place de la rivi\u00e8re<br \/>12290 Pont de salars<br \/>T\u00e9l : <strong>05 65 46 82 79<\/strong><br \/>M\u00e8l : <a href=\"mailto:levezouvet@gmail.com\">levezouvet@gmail.com<\/a><\/p>\n<h3><strong>Horaires<\/strong><\/h3>\n<p>Du Lundi au Vendredi&#8230;&#8230;&#8230;8h45-12h15 et 14h-19h<br \/>Le samedi&#8230;&#8230;&#8230;&#8230;&#8230;&#8230;..8h45-12h15 et 14h-17h<\/p>\n<p>Les Consultations ont lieu sur rendez-vous, pens\u00e9 \u00e0 appeler avant de venir<\/p>\n<h3 style=\"color:#FFF\"><strong>Urgences<\/strong><\/h3>\n<p>En dehors des horaires d\u2019ouvertures un service d\u2019urgence est assur\u00e9 par nos v\u00e9t\u00e9rinaires.<br \/>\nMerci d\u2019appeler au<br \/>\n\t\t\t<a href=\"tel:05%2065%2046%2082%2079\">05 65 46 82 79<\/a><br \/>\n\t\t\t<iframe frameborder=\"0\" scrolling=\"no\" marginheight=\"0\" marginwidth=\"0\"\n\t\t\t\t\tsrc=\"https:\/\/maps.google.com\/maps?q=LevezouVet%20clinique%20v%C3%A9t%C3%A9rinaire%20pont%20de%20salars&#038;t=m&#038;z=12&#038;output=embed&#038;iwloc=near\"\n\t\t\t\t\ttitle=\"LevezouVet clinique v\u00e9t\u00e9rinaire pont de salars\"\n\t\t\t\t\taria-label=\"LevezouVet clinique v\u00e9t\u00e9rinaire pont de salars\"\n\t\t\t><\/iframe><\/p>\n<h2>Smart digital services that scale with your needs<\/h2>\n<p>\t\t\t\t\t\t\t\t\t\t\t\t\t\t\t\t\t<a ><br \/>\n\t\t\t\t\t\t\t\t\t<\/a>\t\t\t\t\t\t\t\t\t\t\t\t\t\t\t\t<\/p>\n<h4>\n\t\t\t\t\t\t\t\t\t\t\t<a >\t\t\t\t\t\t\t\t\t\t\t\tWeb Design\t\t\t\t\t\t\t\t\t\t\t<\/a>\t\t\t\t\t\t\t\t\t\t<\/h4>\n<p>Nulla facilisi. Nulla euismod tortor ut enim finibus, sit amet bibendum magna cursus. Praesent sit amet sollicitudin purus.<\/p>\n<p>\t\t\t\t\t\t\t\t\t\t\t\t\t\t\t\t\t\t<a>View details<\/a><br \/>\n\t\t\t\t\t\t\t\t\t\t\t\t\t\t\t\t\t<a ><br \/>\n\t\t\t\t\t\t\t\t\t<\/a>\t\t\t\t\t\t\t\t\t\t\t\t\t\t\t\t<\/p>\n<h4>\n\t\t\t\t\t\t\t\t\t\t\t<a >\t\t\t\t\t\t\t\t\t\t\t\tMobile Apps\t\t\t\t\t\t\t\t\t\t\t<\/a>\t\t\t\t\t\t\t\t\t\t<\/h4>\n<p>Morbi laoreet metus a mattis sollicitudin. Nam egestas euismod nulla ultrices tincidunt. Maecenas ut arcu quis orci fermentum facilisis eget a tellus.<\/p>\n<p>\t\t\t\t\t\t\t\t\t\t\t\t\t\t\t\t\t\t<a>View details<\/a><br \/>\n\t\t\t\t\t\t\t\t\t\t\t\t\t\t\t\t\t<a ><br \/>\n\t\t\t\t\t\t\t\t\t<\/a>\t\t\t\t\t\t\t\t\t\t\t\t\t\t\t\t<\/p>\n<h4>\n\t\t\t\t\t\t\t\t\t\t\t<a >\t\t\t\t\t\t\t\t\t\t\t\tOnline Commerce\t\t\t\t\t\t\t\t\t\t\t<\/a>\t\t\t\t\t\t\t\t\t\t<\/h4>\n<p>Nam egestas euismod nulla ultrices tincidunt. Nulla euismod tortor ut enim finibus, sit amet bibendum magna cursus.<\/p>\n<p>\t\t\t\t\t\t\t\t\t\t\t\t\t\t\t\t\t\t<a>View details<\/a>\t\t\t\t\t\t\t\t<\/p>\n<h2>Modern approach &#038; sustainable results<\/h2>\n<h2>est. <\/h2>\n<h2>2012<\/h2>\n<h4>A decade of expertise<\/h4>\n<p>Luctus nec ullamcorper mattis, pulvinar dapibus velit quis ex ornare rhoncus. Donec imperdiet risus justo vel malesuad. Lorem ipsum dolor sit amet, consectetur adipiscing elit. Ut elit tellus, luctus nec ullamcorper mattis dolor.<\/p>\n<p>\t\t\t\t\t\t<a >\t\t\t\t\t\t\t<\/p>\n<h4>\n\t\t\t\t\t\t\t\t\t\t\t\t\t\t\t\t\t\t\t\t\t\t\tComplex corporate solutions\t\t\t\t\t\t\t\t\t\t\t\t\t\t\t\t\t\t\t\t\t<\/h4>\n<p>\t\t\t\t\t\t<\/a><br \/>\n\t\t\t\t\t\t<a >\t\t\t\t\t\t\t<\/p>\n<h4>\n\t\t\t\t\t\t\t\t\t\t\t\t\t\t\t\t\t\t\t\t\t\t\tStartaps &amp; fundraising projects\t\t\t\t\t\t\t\t\t\t\t\t\t\t\t\t\t\t\t\t\t<\/h4>\n<p>\t\t\t\t\t\t<\/a><br \/>\n\t\t\t\t\t\t<a >\t\t\t\t\t\t\t<\/p>\n<h4>\n\t\t\t\t\t\t\t\t\t\t\t\t\t\t\t\t\t\t\t\t\t\t\tCharity &amp; nonprofit\u00a0\t\t\t\t\t\t\t\t\t\t\t\t\t\t\t\t\t\t\t\t\t<\/h4>\n<p>\t\t\t\t\t\t<\/a><br \/>\n\t\t\t\t\t\t<a >\t\t\t\t\t\t\t<\/p>\n<h4>\n\t\t\t\t\t\t\t\t\t\t\t\t\t\t\t\t\t\t\t\t\t\t\tOnline commerce\t\t\t\t\t\t\t\t\t\t\t\t\t\t\t\t\t\t\t\t\t<\/h4>\n<p>\t\t\t\t\t\t<\/a>\t\t\t\t\t<\/p>\n<h2>97<\/h2>\n<h2>%<\/h2>\n<h4>Satisfied customers<\/h4>\n<p>Luctus nec ullamcorper mattis, pulvinar dapibus velit quis ex ornare rhoncus. Donec imperdiet risus justo vel malesuad.<\/p>\n<p>\t\t\t\t\t\t<a >\t\t\t\t\t\t\t<\/p>\n<h4>\n\t\t\t\t\t\t\t\t\t\t\t\t\t\t\t\t\t\t\t\t\t\t\t50+ % returning customers\t\t\t\t\t\t\t\t\t\t\t\t\t\t\t\t\t\t\t\t\t<\/h4>\n<p>\t\t\t\t\t\t<\/a><br \/>\n\t\t\t\t\t\t<a >\t\t\t\t\t\t\t<\/p>\n<h4>\n\t\t\t\t\t\t\t\t\t\t\t\t\t\t\t\t\t\t\t\t\t\t\t100+ positive feedbacks\t\t\t\t\t\t\t\t\t\t\t\t\t\t\t\t\t\t\t\t\t<\/h4>\n<p>\t\t\t\t\t\t<\/a><br \/>\n\t\t\t\t\t\t<a >\t\t\t\t\t\t\t<\/p>\n<h4>\n\t\t\t\t\t\t\t\t\t\t\t\t\t\t\t\t\t\t\t\t\t\t\t24\/7+ online customer support\t\t\t\t\t\t\t\t\t\t\t\t\t\t\t\t\t\t\t\t\t<\/h4>\n<p>\t\t\t\t\t\t<\/a><br \/>\n\t\t\t\t\t\t<a >\t\t\t\t\t\t\t<\/p>\n<h4>\n\t\t\t\t\t\t\t\t\t\t\t\t\t\t\t\t\t\t\t\t\t\t\tFixed prices\t\t\t\t\t\t\t\t\t\t\t\t\t\t\t\t\t\t\t\t\t<\/h4>\n<p>\t\t\t\t\t\t<\/a><br \/>\n\t\t\t\t\t\t<a >\t\t\t\t\t\t\t<\/p>\n<h4>\n\t\t\t\t\t\t\t\t\t\t\t\t\t\t\t\t\t\t\t\t\t\t\tMoney back guarantee\t\t\t\t\t\t\t\t\t\t\t\t\t\t\t\t\t\t\t\t\t<\/h4>\n<p>\t\t\t\t\t\t<\/a><br \/>\n\t\t\t<a href=\"https:\/\/levezouvet.fr\/index.php\/dt_team\/person-01-3\/\" target=\"\" rel=\"noopener\"><br \/>\n\t\t\t\t\t\t\t<img loading=\"lazy\" decoding=\"async\" src=\"data:image\/svg+xml,%3Csvg%20xmlns%3D&#39;http%3A%2F%2Fwww.w3.org%2F2000%2Fsvg&#39;%20viewBox%3D&#39;0%200%20900%20900&#39;%2F%3E\" data-src=\"http:\/\/levezouvet.fr\/wp-content\/uploads\/2020\/11\/1-4-1-1.jpg\" data-srcset=\"http:\/\/levezouvet.fr\/wp-content\/uploads\/2020\/11\/1-4-1-1.jpg 900w\" alt=\"\" title=\"1-4-1\" width=\"900\" height=\"900\"  \/>\t\t\t\t\t\t<\/p>\n<h5>Richard Redwood<\/h5>\n<p>Executive Director<\/p>\n<p>\t\t\t<\/a><a href=\"https:\/\/levezouvet.fr\/index.php\/dt_team\/person-01-2\/\" target=\"\" rel=\"noopener\"><br \/>\n\t\t\t\t\t\t\t<img loading=\"lazy\" decoding=\"async\" src=\"data:image\/svg+xml,%3Csvg%20xmlns%3D&#39;http%3A%2F%2Fwww.w3.org%2F2000%2Fsvg&#39;%20viewBox%3D&#39;0%200%20900%20900&#39;%2F%3E\" data-src=\"http:\/\/levezouvet.fr\/wp-content\/uploads\/2020\/11\/1-4-1.jpg\" data-srcset=\"http:\/\/levezouvet.fr\/wp-content\/uploads\/2020\/11\/1-4-1.jpg 900w\" alt=\"\" title=\"1-4-1\" width=\"900\" height=\"900\"  \/>\t\t\t\t\t\t<\/p>\n<h5>Richard Redwood<\/h5>\n<p>Executive Director<\/p>\n<p>\t\t\t<\/a><a href=\"https:\/\/levezouvet.fr\/index.php\/dt_team\/person-01\/\" target=\"\" rel=\"noopener\"><br \/>\n\t\t\t\t\t\t\t<img loading=\"lazy\" decoding=\"async\" src=\"data:image\/svg+xml,%3Csvg%20xmlns%3D&#39;http%3A%2F%2Fwww.w3.org%2F2000%2Fsvg&#39;%20viewBox%3D&#39;0%200%20900%20900&#39;%2F%3E\" data-src=\"http:\/\/levezouvet.fr\/wp-content\/uploads\/2020\/11\/1-4-1.jpg\" data-srcset=\"http:\/\/levezouvet.fr\/wp-content\/uploads\/2020\/11\/1-4-1.jpg 900w\" alt=\"\" title=\"1-4-1\" width=\"900\" height=\"900\"  \/>\t\t\t\t\t\t<\/p>\n<h5>Richard Redwood<\/h5>\n<p>Executive Director<\/p>\n<p>\t\t\t<\/a><a href=\"https:\/\/levezouvet.fr\/index.php\/dt_team\/person-02-3\/\" target=\"\" rel=\"noopener\"><br \/>\n\t\t\t\t\t\t\t<img loading=\"lazy\" decoding=\"async\" src=\"data:image\/svg+xml,%3Csvg%20xmlns%3D&#39;http%3A%2F%2Fwww.w3.org%2F2000%2Fsvg&#39;%20viewBox%3D&#39;0%200%20900%20900&#39;%2F%3E\" data-src=\"http:\/\/levezouvet.fr\/wp-content\/uploads\/2020\/11\/2-6-1-1.jpg\" data-srcset=\"http:\/\/levezouvet.fr\/wp-content\/uploads\/2020\/11\/2-6-1-1.jpg 900w\" alt=\"\" title=\"2-6-1\" width=\"900\" height=\"900\"  \/>\t\t\t\t\t\t<\/p>\n<h5>John Swift<\/h5>\n<p>CEO<\/p>\n<p>\t\t\t<\/a><a href=\"https:\/\/levezouvet.fr\/index.php\/dt_team\/person-02-2\/\" target=\"\" rel=\"noopener\"><br \/>\n\t\t\t\t\t\t\t<img loading=\"lazy\" decoding=\"async\" src=\"data:image\/svg+xml,%3Csvg%20xmlns%3D&#39;http%3A%2F%2Fwww.w3.org%2F2000%2Fsvg&#39;%20viewBox%3D&#39;0%200%20900%20900&#39;%2F%3E\" data-src=\"http:\/\/levezouvet.fr\/wp-content\/uploads\/2020\/11\/2-6-1.jpg\" data-srcset=\"http:\/\/levezouvet.fr\/wp-content\/uploads\/2020\/11\/2-6-1.jpg 900w\" alt=\"\" title=\"2-6-1\" width=\"900\" height=\"900\"  \/>\t\t\t\t\t\t<\/p>\n<h5>John Swift<\/h5>\n<p>CEO<\/p>\n<p>\t\t\t<\/a><a href=\"https:\/\/levezouvet.fr\/index.php\/dt_team\/person-02\/\" target=\"\" rel=\"noopener\"><br \/>\n\t\t\t\t\t\t\t<img loading=\"lazy\" decoding=\"async\" src=\"data:image\/svg+xml,%3Csvg%20xmlns%3D&#39;http%3A%2F%2Fwww.w3.org%2F2000%2Fsvg&#39;%20viewBox%3D&#39;0%200%20900%20900&#39;%2F%3E\" data-src=\"http:\/\/levezouvet.fr\/wp-content\/uploads\/2020\/11\/2-6-1.jpg\" data-srcset=\"http:\/\/levezouvet.fr\/wp-content\/uploads\/2020\/11\/2-6-1.jpg 900w\" alt=\"\" title=\"2-6-1\" width=\"900\" height=\"900\"  \/>\t\t\t\t\t\t<\/p>\n<h5>John Swift<\/h5>\n<p>CEO<\/p>\n<p>\t\t\t<\/a><a href=\"https:\/\/levezouvet.fr\/index.php\/dt_team\/person-04-3\/\" target=\"\" rel=\"noopener\"><br \/>\n\t\t\t\t\t\t\t<img loading=\"lazy\" decoding=\"async\" src=\"data:image\/svg+xml,%3Csvg%20xmlns%3D&#39;http%3A%2F%2Fwww.w3.org%2F2000%2Fsvg&#39;%20viewBox%3D&#39;0%200%20900%20900&#39;%2F%3E\" data-src=\"http:\/\/levezouvet.fr\/wp-content\/uploads\/2020\/11\/3-2-1-1.jpg\" data-srcset=\"http:\/\/levezouvet.fr\/wp-content\/uploads\/2020\/11\/3-2-1-1.jpg 900w\" alt=\"\" title=\"3-2-1\" width=\"900\" height=\"900\"  \/>\t\t\t\t\t\t<\/p>\n<h5>Janet Green<\/h5>\n<p>Account Manager<\/p>\n<p>\t\t\t<\/a><a href=\"https:\/\/levezouvet.fr\/index.php\/dt_team\/person-04-2\/\" target=\"\" rel=\"noopener\"><br \/>\n\t\t\t\t\t\t\t<img loading=\"lazy\" decoding=\"async\" src=\"data:image\/svg+xml,%3Csvg%20xmlns%3D&#39;http%3A%2F%2Fwww.w3.org%2F2000%2Fsvg&#39;%20viewBox%3D&#39;0%200%20900%20900&#39;%2F%3E\" data-src=\"http:\/\/levezouvet.fr\/wp-content\/uploads\/2020\/11\/3-2-1.jpg\" data-srcset=\"http:\/\/levezouvet.fr\/wp-content\/uploads\/2020\/11\/3-2-1.jpg 900w\" alt=\"\" title=\"3-2-1\" width=\"900\" height=\"900\"  \/>\t\t\t\t\t\t<\/p>\n<h5>Janet Green<\/h5>\n<p>Account Manager<\/p>\n<p>\t\t\t<\/a><a href=\"https:\/\/levezouvet.fr\/index.php\/dt_team\/person-04\/\" target=\"\" rel=\"noopener\"><br \/>\n\t\t\t\t\t\t\t<img loading=\"lazy\" decoding=\"async\" src=\"data:image\/svg+xml,%3Csvg%20xmlns%3D&#39;http%3A%2F%2Fwww.w3.org%2F2000%2Fsvg&#39;%20viewBox%3D&#39;0%200%20900%20900&#39;%2F%3E\" data-src=\"http:\/\/levezouvet.fr\/wp-content\/uploads\/2020\/11\/3-2-1.jpg\" data-srcset=\"http:\/\/levezouvet.fr\/wp-content\/uploads\/2020\/11\/3-2-1.jpg 900w\" alt=\"\" title=\"3-2-1\" width=\"900\" height=\"900\"  \/>\t\t\t\t\t\t<\/p>\n<h5>Janet Green<\/h5>\n<p>Account Manager<\/p>\n<p>\t\t\t<\/a><a href=\"https:\/\/levezouvet.fr\/index.php\/dt_team\/person-07-3\/\" target=\"\" rel=\"noopener\"><br \/>\n\t\t\t\t\t\t\t<img loading=\"lazy\" decoding=\"async\" src=\"data:image\/svg+xml,%3Csvg%20xmlns%3D&#39;http%3A%2F%2Fwww.w3.org%2F2000%2Fsvg&#39;%20viewBox%3D&#39;0%200%20900%20900&#39;%2F%3E\" data-src=\"http:\/\/levezouvet.fr\/wp-content\/uploads\/2020\/11\/3-2-26-1.jpg\" data-srcset=\"http:\/\/levezouvet.fr\/wp-content\/uploads\/2020\/11\/3-2-26-1.jpg 900w\" alt=\"\" title=\"3-2-26\" width=\"900\" height=\"900\"  \/>\t\t\t\t\t\t<\/p>\n<h5>John Anderson<\/h5>\n<p>Creative Director<\/p>\n<p>\t\t\t<\/a><a href=\"https:\/\/levezouvet.fr\/index.php\/dt_team\/person-07-2\/\" target=\"\" rel=\"noopener\"><br \/>\n\t\t\t\t\t\t\t<img loading=\"lazy\" decoding=\"async\" src=\"data:image\/svg+xml,%3Csvg%20xmlns%3D&#39;http%3A%2F%2Fwww.w3.org%2F2000%2Fsvg&#39;%20viewBox%3D&#39;0%200%20900%20900&#39;%2F%3E\" data-src=\"http:\/\/levezouvet.fr\/wp-content\/uploads\/2020\/11\/3-2-26.jpg\" data-srcset=\"http:\/\/levezouvet.fr\/wp-content\/uploads\/2020\/11\/3-2-26.jpg 900w\" alt=\"\" title=\"3-2-26\" width=\"900\" height=\"900\"  \/>\t\t\t\t\t\t<\/p>\n<h5>John Anderson<\/h5>\n<p>Creative Director<\/p>\n<p>\t\t\t<\/a><a href=\"https:\/\/levezouvet.fr\/index.php\/dt_team\/person-07\/\" target=\"\" rel=\"noopener\"><br \/>\n\t\t\t\t\t\t\t<img loading=\"lazy\" decoding=\"async\" src=\"data:image\/svg+xml,%3Csvg%20xmlns%3D&#39;http%3A%2F%2Fwww.w3.org%2F2000%2Fsvg&#39;%20viewBox%3D&#39;0%200%20900%20900&#39;%2F%3E\" data-src=\"http:\/\/levezouvet.fr\/wp-content\/uploads\/2020\/11\/3-2-26.jpg\" data-srcset=\"http:\/\/levezouvet.fr\/wp-content\/uploads\/2020\/11\/3-2-26.jpg 900w\" alt=\"\" title=\"3-2-26\" width=\"900\" height=\"900\"  \/>\t\t\t\t\t\t<\/p>\n<h5>John Anderson<\/h5>\n<p>Creative Director<\/p>\n<p>\t\t\t<\/a><a role=\"button\"><\/a><a role=\"button\"><\/a>\t\t<\/p>\n<h4>What our clients say about us<\/h4>\n<p>\t\t\t <img loading=\"lazy\" decoding=\"async\" src=\"data:image\/svg+xml,%3Csvg%20xmlns%3D&#39;http%3A%2F%2Fwww.w3.org%2F2000%2Fsvg&#39;%20viewBox%3D&#39;0%200%20990%20990&#39;%2F%3E\" data-src=\"http:\/\/levezouvet.fr\/wp-content\/uploads\/2022\/01\/2022-132-1-990x990.jpg\" data-srcset=\"http:\/\/levezouvet.fr\/wp-content\/uploads\/2022\/01\/2022-132-1-990x990.jpg 990w, http:\/\/levezouvet.fr\/wp-content\/uploads\/2022\/01\/2022-132-1.jpg 1000w\" alt=\"\" title=\"2022-132\" width=\"990\" height=\"990\"  \/><\/p>\n<h4 >Richard Anderson<\/h4>\n<h6 >Seven Media &#8211; creative director<\/h6>\n<p>Pellentesque condimentum velit tortor. Cras at ornare ex, quis fringilla tortor. Nunc fermentum quam et tortor euismod. <img loading=\"lazy\" decoding=\"async\" src=\"data:image\/svg+xml,%3Csvg%20xmlns%3D&#39;http%3A%2F%2Fwww.w3.org%2F2000%2Fsvg&#39;%20viewBox%3D&#39;0%200%20990%20990&#39;%2F%3E\" data-src=\"http:\/\/levezouvet.fr\/wp-content\/uploads\/2022\/01\/2022-021-1-990x990.jpg\" data-srcset=\"http:\/\/levezouvet.fr\/wp-content\/uploads\/2022\/01\/2022-021-1-990x990.jpg 990w, http:\/\/levezouvet.fr\/wp-content\/uploads\/2022\/01\/2022-021-1.jpg 1000w\" alt=\"\" title=\"2022-021\" width=\"990\" height=\"990\"  \/><\/p>\n<h4 >Tiffany Whitewood<\/h4>\n<h6 >Seven Consulting &#8211; CEO<\/h6>\n<p>Quisque eget odio felis. Suspendisse quis nulla tincidunt, cursus tellus condimentum, consequat sapien at ornare ex, quis fringilla tortor. <img loading=\"lazy\" decoding=\"async\" src=\"data:image\/svg+xml,%3Csvg%20xmlns%3D&#39;http%3A%2F%2Fwww.w3.org%2F2000%2Fsvg&#39;%20viewBox%3D&#39;0%200%20990%20990&#39;%2F%3E\" data-src=\"http:\/\/levezouvet.fr\/wp-content\/uploads\/2022\/01\/2022-023-1-990x990.jpg\" data-srcset=\"http:\/\/levezouvet.fr\/wp-content\/uploads\/2022\/01\/2022-023-1-990x990.jpg 990w, http:\/\/levezouvet.fr\/wp-content\/uploads\/2022\/01\/2022-023-1.jpg 1000w\" alt=\"\" title=\"2022-023\" width=\"990\" height=\"990\"  \/><\/p>\n<h4 >Stephan Lee<\/h4>\n<h6 >Seven consulting &#8211; CEO<\/h6>\n<p>Best fermentum quam et tortor euismod, vel maximus metus tristique. Nam tempus erat! <img loading=\"lazy\" decoding=\"async\" src=\"data:image\/svg+xml,%3Csvg%20xmlns%3D&#39;http%3A%2F%2Fwww.w3.org%2F2000%2Fsvg&#39;%20viewBox%3D&#39;0%200%20990%20990&#39;%2F%3E\" data-src=\"http:\/\/levezouvet.fr\/wp-content\/uploads\/2022\/01\/2022-0022-1-990x990.jpg\" data-srcset=\"http:\/\/levezouvet.fr\/wp-content\/uploads\/2022\/01\/2022-0022-1-990x990.jpg 990w, http:\/\/levezouvet.fr\/wp-content\/uploads\/2022\/01\/2022-0022-1.jpg 1000w\" alt=\"\" title=\"2022-0022\" width=\"990\" height=\"990\"  \/><\/p>\n<h4 >Alex Black<\/h4>\n<h6 >Seven consulting &#8211; CEO<\/h6>\n<p>Nunc fermentum &#8211; tempus erat ligula, sit amet lacinia justo cursus ac. Suspendisse quis nulla tincidunt!<\/p>\n<h4 >Diana Green<\/h4>\n<h6 >Seven Arts &#8211; marketing manager<\/h6>\n<p>Cras at ornare  fermentum quam et tortor euismod, vel maximus metus tristique. <\/p>\n<h4 >Tiffany Whitefire<\/h4>\n<h6 >Seven Consulting &#8211; CEO<\/h6>\n<p>Suspendisse quis nulla tincidunt, cursus tellus condimentum, consequat sapien at ornare ex, quis fringilla tortor.<\/p>\n<h4 >Miriam Blackwood<\/h4>\n<h6 >Seven Media &#8211; creative director<\/h6>\n<p>Nam tempus erat ligula, sit amet lacinia justo cursus. Best lorem ipsum dolor!<a role=\"button\"><\/a><a role=\"button\"><\/a>\t\t<\/p>\n<h2>Perfect solution for any business<\/h2>\n<h3>\n\t\t\t\t\t\tLight\t\t\t\t\t\t<\/h3>\n<p>\t\t\t\t\t\t\tFor small companies<br \/>\n\t\t\t\t\t\t\t\t&#8364;<br \/>\n\t\t\t\t\t\t39<br \/>\n\t\t\t\t\t\t\t99\t\t\t\t\t\t<\/p>\n<ul>\n<li>\n\t\t\t\t\t\t\t\t\t\t+ 24\/7 Customer Support\n\t\t\t\t\t\t<\/li>\n<li>\n\t\t\t\t\t\t\t\t\t\t&#8211; Personal Assistance\n\t\t\t\t\t\t<\/li>\n<li>\n\t\t\t\t\t\t\t\t\t\t&#8211; Free Updates\n\t\t\t\t\t\t<\/li>\n<\/ul>\n<p>\t\t\t\t\t\t\t\t\t\t\t<a href=\"#\"><br \/>\n\t\t\t\t\t\t\tOrder Now\t\t\t\t\t\t<\/a><br \/>\n\t\t\t\t\t\t\tUt interdum sapien dignissim interdum. Integer suscipit ex eget viverra pellentesque. \t\t\t\t\t\t<\/p>\n<h4>\n\t\t\t\t\t\tStandard\t\t\t\t\t\t<\/h4>\n<p>\t\t\t\t\t\t\tFor medium companies<br \/>\n\t\t\t\t\t\t\t\t&#036;<br \/>\n\t\t\t\t\t\t79<br \/>\n\t\t\t\t\t\t\t99\t\t\t\t\t\t<\/p>\n<ul>\n<li>\n\t\t\t\t\t\t\t\t\t\t+ 24\/7 Customer Support\n\t\t\t\t\t\t<\/li>\n<li>\n\t\t\t\t\t\t\t\t\t\t+ Personal Assistance\n\t\t\t\t\t\t<\/li>\n<li>\n\t\t\t\t\t\t\t\t\t\t&#8211; Free Updates\n\t\t\t\t\t\t<\/li>\n<\/ul>\n<p>\t\t\t\t\t\t\t\t\t\t\t<a href=\"#\"><br \/>\n\t\t\t\t\t\t\tOrder Now\t\t\t\t\t\t<\/a><br \/>\n\t\t\t\t\t\t\tQuisque velit &#8211; amet ante condimentum et lorem mi. Aliquam erat volutpat lorem ipsum amet condimentum glavrida dolor nulla dolor.\t\t\t\t\t\t<\/p>\n<h3>\n\t\t\t\t\t\tExtended\t\t\t\t\t\t<\/h3>\n<p>\t\t\t\t\t\t\tFor large companies<br \/>\n\t\t\t\t\t\t\t\t&#036;<br \/>\n\t\t\t\t\t\t99<br \/>\n\t\t\t\t\t\t\t99\t\t\t\t\t\t<\/p>\n<ul>\n<li>\n\t\t\t\t\t\t\t\t\t\t+ 24\/7 Customer Support\n\t\t\t\t\t\t<\/li>\n<li>\n\t\t\t\t\t\t\t\t\t\t+ Personal Assistance\n\t\t\t\t\t\t<\/li>\n<li>\n\t\t\t\t\t\t\t\t\t\t+ Free Updates\n\t\t\t\t\t\t<\/li>\n<\/ul>\n<p>\t\t\t\t\t\t\t\t\t\t\t<a><br \/>\n\t\t\t\t\t\t\tOrder Now\t\t\t\t\t\t<\/a><br \/>\n\t\t\t\t\t\t\tSed elementum, nulla eu varius fermentum neque mauris nibh tortor condimentum lacus, at volutpat neque.<br \/>\n\t\t\t\t\t\t\t\t\t\t\t\t\t\t\t<img decoding=\"async\" width=\"1000\" height=\"1000\" src=\"http:\/\/levezouvet.fr\/wp-content\/uploads\/2022\/01\/2022-132-1.jpg\" alt=\"\" loading=\"lazy\" srcset=\"https:\/\/levezouvet.fr\/wp-content\/uploads\/2022\/01\/2022-132-1.jpg 1000w, https:\/\/levezouvet.fr\/wp-content\/uploads\/2022\/01\/2022-132-1-300x300.jpg 300w, https:\/\/levezouvet.fr\/wp-content\/uploads\/2022\/01\/2022-132-1-200x200.jpg 200w, https:\/\/levezouvet.fr\/wp-content\/uploads\/2022\/01\/2022-132-1-600x600.jpg 600w, https:\/\/levezouvet.fr\/wp-content\/uploads\/2022\/01\/2022-132-1-150x150.jpg 150w, https:\/\/levezouvet.fr\/wp-content\/uploads\/2022\/01\/2022-132-1-768x768.jpg 768w\" sizes=\"auto, (max-width: 1000px) 100vw, 1000px\" \/>\t\t\t\t\t\t\t\t\t\t\t\t\t\t\t<\/p>\n<h4>Let&#8217;s start a new project together!<\/h4>\n<h4>Join thousands of business owners &#038; companies who trust The Seven !<\/h4>\n<p>\t\t\t<a href=\"https:\/\/levezouvet.fr\/pages\/contact\/\">Contact us online<\/a><br \/>\n\t\t\t<a href=\"https:\/\/levezouvet.fr\/contact-standard\/\">Call: 1-001-234-5678<\/a>\t\t<\/p>\n<h2>Our latest news<\/h2>\n","protected":false},"excerpt":{"rendered":"<p>L\u00e9v\u00e9zouVet&#8217; Pour l&#8217;amour des b\u00eates Bienvenue \u00e0 la clinique v\u00e9t\u00e9rinaireL\u00e9v\u00e9zouVet ! L\u2019ensemble de l\u2019\u00e9quipe est heureuse de vous accueillir afin de prendre soins de vos petits et grands animaux. Notre clinique est situ\u00e9e dans le village de Pont de&nbsp; salars, au c\u0153ur du L\u00e9vezou de ses monts et de ses lacs. La Qualit\u00e9 des soins,&hellip;<\/p>\n","protected":false},"author":1,"featured_media":0,"parent":0,"menu_order":4,"comment_status":"closed","ping_status":"closed","template":"elementor_header_footer","meta":{"footnotes":""},"class_list":["post-16461","page","type-page","status-publish","hentry","description-off"],"_links":{"self":[{"href":"https:\/\/levezouvet.fr\/index.php\/wp-json\/wp\/v2\/pages\/16461","targetHints":{"allow":["GET"]}}],"collection":[{"href":"https:\/\/levezouvet.fr\/index.php\/wp-json\/wp\/v2\/pages"}],"about":[{"href":"https:\/\/levezouvet.fr\/index.php\/wp-json\/wp\/v2\/types\/page"}],"author":[{"embeddable":true,"href":"https:\/\/levezouvet.fr\/index.php\/wp-json\/wp\/v2\/users\/1"}],"replies":[{"embeddable":true,"href":"https:\/\/levezouvet.fr\/index.php\/wp-json\/wp\/v2\/comments?post=16461"}],"version-history":[{"count":120,"href":"https:\/\/levezouvet.fr\/index.php\/wp-json\/wp\/v2\/pages\/16461\/revisions"}],"predecessor-version":[{"id":76578,"href":"https:\/\/levezouvet.fr\/index.php\/wp-json\/wp\/v2\/pages\/16461\/revisions\/76578"}],"wp:attachment":[{"href":"https:\/\/levezouvet.fr\/index.php\/wp-json\/wp\/v2\/media?parent=16461"}],"curies":[{"name":"wp","href":"https:\/\/api.w.org\/{rel}","templated":true}]}}